{"id":231,"date":"2023-01-27T11:34:19","date_gmt":"2023-01-27T11:34:19","guid":{"rendered":"https:\/\/arromanches.ms.decms.eu\/mentions-legales-et-protection-des-donnees\/"},"modified":"2023-08-03T12:42:21","modified_gmt":"2023-08-03T12:42:21","slug":"legal-notices-and-privacy-policy","status":"publish","type":"page","link":"https:\/\/www.lesvillasdarromanches.fr\/en\/legal-notices-and-privacy-policy\/","title":{"rendered":"Legal notices and privacy policy"},"content":{"rendered":"<h2 style=\"text-align: center;\">PROPRI\u00c9T\u00c9<\/h2>\n<p style=\"text-align: center;\">L\u2019h\u00f4tel, en tant que responsable du traitement, collecte et traite les donn\u00e9es \u00e0 caract\u00e8re personnel \u00e0 des fins de gestion des r\u00e9servations et des clients, pour les besoins de la facturation et des paiements et pour mener ses actions commerciales et enqu\u00eates de satisfaction. Les donn\u00e9es sont destin\u00e9es \u00e0 l\u2019h\u00f4tel et \u00e0 ses prestataires. Vous disposez d&#8217;un droit d&#8217;acc\u00e8s, de rectification et de suppression des donn\u00e9es \u00e0 caract\u00e8re personnel qui vous concernent et vous pouvez vous opposer au traitement de vos donn\u00e9es. Pour exercer ces droits, il vous suffit d\u2019\u00e9crire \u00e0 l\u2019h\u00f4tel \u00e0 l&#8217;adresse suivante:<\/p>\n<p style=\"text-align: center;\">Les Villas d\u2019Arromanches<br \/>\n1\/3 Avenue du Lieutenant Colonel JOB,<br \/>\n14117 Arromanches<br \/>\nEmail: <a href=\"mailto:contact@villasdarromanches.com\">contact@villasdarromanches.com<\/a><\/p>\n<h2 style=\"text-align: center;\">EDITEUR<\/h2>\n<p style=\"text-align: center;\">La Soci\u00e9t\u00e9 D-EDGE<br \/>\nADRESSE : 66, rue des Archives<br \/>\n\u00e0 PARIS (75003)<br \/>\nRCS PARIS N\u00b0 431 513 852<br \/>\nRegistre du Commerce et des Soci\u00e9t\u00e9s n\u00b0RCS<br \/>\nPARIS 431 513 852<br \/>\nCapital: 12 700 298.40\u20ac\u200b<\/p>\n<h2 style=\"text-align: center;\">HEBERGEUR<\/h2>\n<p style=\"text-align: center;\">WPEngine, Inc. Irongate House,<br \/>\nAdresse : 22-30 Duke\u2019s Place Londres, EC3A 7LP,<br \/>\nRoyaume-Uni<br \/>\nT\u00e9l\u00e9phone : 08 00 50 53 049<\/p>\n<p>&nbsp;<\/p>\n<p style=\"text-align: center;\">Les pr\u00e9sentes conditions G\u00e9n\u00e9rales de vente s&#8217;appliquent \u00e0 toutes les prestations de l&#8217;\u00e9tablissement h\u00f4teliers \u00ab Les Villas d&#8217;Arromanches \u00bb. Ses derni\u00e8res s&#8217;appliquent \u00e0 toute r\u00e9servation effectu\u00e9e directement ou indirectement via internet ou t\u00e9l\u00e9phone pour la client\u00e8le individuelle (hors r\u00e9servations groupes). Elles font parties int\u00e9grantes du contrat. Les offres et les conditions g\u00e9n\u00e9rales pr\u00e9sent\u00e9es sont valables au jour de leur consultation. pr\u00e9sentes conditions G\u00e9n\u00e9rales de vente s&#8217;appliquent \u00e0 toutes les prestations de l&#8217;\u00e9tablissement h\u00f4teliers \u00ab Les Villas d&#8217;Arromanches. Elles font parties int\u00e9grantes du contrat. Les offres et les conditions g\u00e9n\u00e9rales pr\u00e9sent\u00e9es sont valables au jour de leur consultation. Toute r\u00e9servation prise sera honor\u00e9e \u00e0 la date du s\u00e9jour selon les conditions g\u00e9n\u00e9rales sp\u00e9cifi\u00e9es car les conditions g\u00e9n\u00e9rales \u00e9voluent r\u00e9guli\u00e8rement. Toute r\u00e9servation implique donc de la part du client l&#8217;adh\u00e9sion enti\u00e8re et sans r\u00e9serve aux pr\u00e9sentes conditions et r\u00e8glement.<\/p>\n<p style=\"text-align: center;\">Ces chambres et services sont offerts dans la limite des stocks disponibles.<\/p>\n<h2 style=\"text-align: center;\">R\u00c9SERVATIONS<\/h2>\n<p>Quelques soit le mode de r\u00e9servations (internet, t\u00e9l\u00e9phone, site internet ou courrier) : la r\u00e9servation est confirm\u00e9e exclusivement apr\u00e8s enregistrement du type de carte bancaire, du num\u00e9ro de la carte bancaire du client, de la date d&#8217;expiration de la carte (valide \u00e0 la date du s\u00e9jour du client r\u00e9servataire) et du nom inscrit sur la carte. Celle-ci doit permettre d&#8217;effectuer une pr\u00e9-autorisation.<br \/>\nLes cartes bancaires accept\u00e9es sont les cartes VISA, Mastercard, La carte de cr\u00e9dit sert de garantie pour votre r\u00e9servation. La totalit\u00e9 du montant du s\u00e9jour devra \u00eatre r\u00e9gl\u00e9e directement aupr\u00e8s de l&#8217;h\u00f4tel. Si la r\u00e9servation est une offre en pr\u00e9paiement imm\u00e9diat, non modifiable et non annulable. Dans ce cas le montant pr\u00e9lev\u00e9 en garantie s&#8217;\u00e9l\u00e8ve \u00e0 l&#8217;int\u00e9gralit\u00e9 du s\u00e9jour.<\/p>\n<p style=\"text-align: center;\">L&#8217;h\u00f4tel Les Villas d&#8217;Arromanches se r\u00e9serve le droit d&#8217;effectuer une pr\u00e9-autorisation afin de garantir le s\u00e9jour. Dans tous les autres cas, vous r\u00e9glerez votre s\u00e9jour directement \u00e0 l&#8217;h\u00f4tel.<br \/>\nPour les r\u00e9servations effectu\u00e9es sur les sites Internet ou le site internet de l&#8217;h\u00f4tel ou une r\u00e9servation t\u00e9l\u00e9phonique vous recevrez un email de confirmation mentionnant votre num\u00e9ro de r\u00e9servation. A chaque r\u00e9servation un num\u00e9ro vous sera communiqu\u00e9, qui vous sera n\u00e9cessaire le cas \u00e9ch\u00e9ant pour annuler ou modifier votre r\u00e9servation.<\/p>\n<h2 style=\"text-align: center;\">CONDITIONS D&#8217;ANNULATIONS<\/h2>\n<p style=\"text-align: center;\">Tarif du jour<br \/>\n&#8211; Annulable et modifiable sans frais jusqu&#8217;\u00e0 J -24h. Au-del\u00e0 l&#8217;h\u00f4tel facture le s\u00e9jour complet.<br \/>\n&#8211; Modifiable sans frais jusqu\u2019\u00e0 J-24h \u00e0 hauteur du montant engag\u00e9.<br \/>\n&#8211; Early Booking : r\u00e9servable \u00e0 partir de J + 30<br \/>\n&#8211; Non Annulable, Non Remboursable, Non Modifiable. S\u00e9jour payable d\u2019avance sans aucune possibilit\u00e9 de changement ou d\u2019annulation remboursable.<\/p>\n<p style=\"text-align: center;\">Toute annulation devra \u00eatre confirm\u00e9e par \u00e9crit, email, courrier, \u2026, ou annul\u00e9 directement sur les sites internet partenaire ou la r\u00e9servation a \u00e9t\u00e9 faite par l&#8217;acheteur afin de pouvoir remettre la (les) chambre(s) \u00e0 la location.<\/p>\n<p style=\"text-align: center;\">Les annulations pour cas de force majeure donneront lieu uniquement \u00e0 un report de la r\u00e9servation valable uniquement pendant 3 mois.<\/p>\n<p style=\"text-align: center;\">Si \u00e0 l&#8217;arriv\u00e9e du client r\u00e9servataire, il n&#8217;y a pas de chambres disponibles \u00e0 l&#8217;h\u00f4tel, ou en cas de force majeure, l&#8217;h\u00f4tel se r\u00e9serve la possibilit\u00e9 d&#8217;assurer son h\u00e9bergement \u00e0 l&#8217;ext\u00e9rieur dans les meilleures conditions possibles \u00e0 savoir dans un h\u00f4tel de proximit\u00e9 et de cat\u00e9gorie \u00e9quivalente pour des prestations de m\u00eame nature. Dans ce cas, les frais inh\u00e9rents au transfert resteront \u00e0 la charge de l&#8217;h\u00f4tel. Les clients ne pourront pr\u00e9tendre \u00e0 aucune indemnit\u00e9 de quelque nature et \u00e0 quel titre que ce soit.<\/p>\n<p style=\"text-align: center;\">L&#8217;h\u00f4tel pourra se d\u00e9gager de ses obligations ou en suspendre l&#8217;ex\u00e9cution s&#8217;il se trouve dans l&#8217;impossibilit\u00e9 de les assurer du fait de la survenance d&#8217;un \u00e9v\u00e9nement ind\u00e9pendant de sa volont\u00e9 ou \u00e9chappant \u00e0 son contr\u00f4le, ainsi qu&#8217;en cas de force majeure, et notamment en cas de destruction totale ou partielle de l&#8217;h\u00f4tel, gr\u00e8ve, catastrophe, incendie, accident technique, interne ou externe et d&#8217;une mani\u00e8re g\u00e9n\u00e9rale en cas de tout \u00e9v\u00e9nement ne permettant pas la bonne ex\u00e9cution du service.<\/p>\n<h2 style=\"text-align: center;\">PRIX<\/h2>\n<p style=\"text-align: center;\">Sauf mention contraire affich\u00e9e, les prix indiqu\u00e9s sont des prix TVA incluse par chambre et par nuit, pour un nombre d\u00e9termin\u00e9 de personnes par chambre et pour la date choisie. Ils sont valables pour la p\u00e9riode affich\u00e9e et sont susceptibles d&#8217;\u00eatre modifi\u00e9s r\u00e9guli\u00e8rement.<\/p>\n<p style=\"text-align: center;\">Les taxes de s\u00e9jour ne sont pas incluses dans le prix affich\u00e9 car elles sont ind\u00e9pendantes de la responsabilit\u00e9 de l&#8217;h\u00f4tel. Tout changement du taux de Tva ou du co\u00fbt de la Taxe de s\u00e9jour sera r\u00e9percut\u00e9 sur le prix des ventes. Si un changement du taux Tva ou de la taxe de s\u00e9jour a lieu apr\u00e8s une vente et concerne la p\u00e9riode achet\u00e9e un solde ou un avoir sera mentionn\u00e9 sur la facture au d\u00e9part du client et sera \u00e0 r\u00e9gler par l&#8217;acheteur ou d\u00e9duit de sa facture.<\/p>\n<p style=\"text-align: center;\">Les Prix n&#8217;incluent pas les extras (consommations, petit d\u00e9jeuner de l&#8217;acheteur qui seront \u00e0 r\u00e9gler sur place ou les services achet\u00e9s par l&#8217;interm\u00e9diaire de l&#8217;h\u00f4tel.<\/p>\n<p style=\"text-align: center;\">L&#8217;h\u00f4tel les Villas d&#8217;Arromanches d\u00e9fini la force majeure, par : Tout \u00e9v\u00e9nement ext\u00e9rieur aux parties pr\u00e9sentant un caract\u00e8re \u00e0 la fois impr\u00e9visible et insurmontable qui emp\u00eache soit le client, soit les voyageurs, soit l&#8217;agence ou les prestataires de services impliqu\u00e9s dans la r\u00e9alisation du voyage, d&#8217;ex\u00e9cuter tout ou partie des obligations pr\u00e9vues par le contrat.<br \/>\nIl en sera notamment ainsi en mati\u00e8re de gr\u00e8ve des moyens de transport, du personnel h\u00f4telier, insurrection, \u00e9meute et prohibition quelconque \u00e9dict\u00e9e par les Autorit\u00e9s Gouvernementales ou publiques.<\/p>\n<p style=\"text-align: center;\">Il est express\u00e9ment convenu que la force majeure suspend, pour les parties, l&#8217;ex\u00e9cution de leurs obligations r\u00e9ciproques.<\/p>\n<p style=\"text-align: center;\">Parall\u00e8lement, chacune des parties supporte la charge de tous les frais qui lui incombent et qui r\u00e9sultent du cas de force majeure : en cons\u00e9quence, les voyageurs supporteront seuls les frais suppl\u00e9mentaires qui pourraient \u00eatre engag\u00e9s pour permettre la poursuite du voyage \u00e0 la suite de la survenance d&#8217;un cas de force majeure. Informatique et libert\u00e9, propri\u00e9t\u00e9 intellectuelle.<\/p>\n<p style=\"text-align: center;\">En application de la Loi 78-17 dite Informatique et Libert\u00e9s, les clients sont avertis que leur commande fait l&#8217;objet d&#8217;un traitement nominatif informatis\u00e9. Le droit d&#8217;acc\u00e8s et de rectification garanti par la loi s&#8217;exerce aupr\u00e8s de la SARL Les Villas d&#8217;Arromanches, 1 Avenue du Lt Colonel JOB, 14117 Tracy sur Mer &#8211; France.<br \/>\nL&#8217;h\u00f4tel Les Villas d&#8217;Arromanches, dans le processus de vente en ligne, n&#8217;est tenu que par une obligation de moyens. Sa responsabilit\u00e9 ne pourra \u00eatre engag\u00e9e pour un dommage r\u00e9sultant de l&#8217;utilisation du r\u00e9seau Internet tel que perte de donn\u00e9es, intrusion, virus, rupture du service, ou autres probl\u00e8mes involontaires.<\/p>\n<p style=\"text-align: center;\">Tous les \u00e9l\u00e9ments du site Les Villas d&#8217;Arromanches sont et restent la propri\u00e9t\u00e9 intellectuelle et exclusive de l&#8217;h\u00f4tel. Personne n&#8217;est autoris\u00e9 \u00e0 reproduire, exploiter, rediffuser, ou utiliser \u00e0 quelque titre que ce soit, m\u00eame partiellement, des \u00e9l\u00e9ments du site qu&#8217;ils soient logiciels, visuels ou sonores.<br \/>\nTout lien simple ou par hypertexte est strictement interdit sans un accord \u00e9crit expr\u00e8s de l&#8217;h\u00f4tel Les Villas d&#8217;Arromanches.<\/p>\n<h2 style=\"text-align: center;\">R\u00c8GLEMENT DES LITIGES<\/h2>\n<p style=\"text-align: center;\">Les pr\u00e9sentes conditions de vente en ligne sont soumises \u00e0 la loi fran\u00e7aise. En cas de litige, comp\u00e9tence est attribu\u00e9e aux tribunaux comp\u00e9tents, nonobstant pluralit\u00e9 de d\u00e9fendeurs ou appel en garantie.<\/p>\n<h2 style=\"text-align: center;\">R\u00c8GLEMENT INT\u00c9RIEUR DE L&#8217;H\u00d4TEL ET DU LOUNGE<\/h2>\n<p style=\"text-align: center;\">La r\u00e9ception de l&#8217;h\u00f4tel est ouverte de 7h00 \u00e0 23h00 et les chambres doivent \u00eatre prises dans cette plage horaire. Elles sont disponibles \u00e0 partir de 16h00 et doivent \u00eatre lib\u00e9r\u00e9es \u00e0 11h00 le jour du d\u00e9part. A partir de 11h30 l&#8217;h\u00f4tel se r\u00e9serve le droit de facturer une nuit suppl\u00e9mentaire. L&#8217;h\u00f4tel dispose d&#8217;une bagagerie gratuite \u00e0 l&#8217;arriv\u00e9e ou au d\u00e9part des clients. Les animaux de compagnie moins de 10 kg sont accept\u00e9s \u00e0 l&#8217;h\u00f4tel moyennant un suppl\u00e9ment et sur acceptation pr\u00e9alable de l&#8217;h\u00f4telier et en cas de manquement \u00e0 ce r\u00e8glement, l&#8217;h\u00f4tel pourra refuser le client ou \u00e0 d\u00e9faut exiger des frais suppl\u00e9mentaires pour l&#8217;animal de compagnie.<\/p>\n<p style=\"text-align: center;\">Les clients de l&#8217;h\u00f4tel doivent dans tous les cas :<br \/>\n&#8211; Respecter la tranquilit\u00e9, le calme dans les chambres et le silence dans les parties communes pour la s\u00e9r\u00e9nit\u00e9 des clients,<br \/>\n&#8211; Porter une tenue vestimentaire correcte,<br \/>\n&#8211; D&#8217;avoir un comportement dit de \u00ab p\u00e8re de famille \u00bb<br \/>\nLe parking de l&#8217;h\u00f4tel est \u00e0 disposition des clients.<br \/>\nLe petit d\u00e9jeuner est servi de 7h30 \u00e0 10h00.<\/p>\n<p style=\"text-align: center;\">L&#8217;h\u00f4tel ne pourra \u00eatre tenu responsable de vol, perte ou d\u00e9t\u00e9rioration de bagages des clients entrepos\u00e9s dans les parties communes de l&#8217;h\u00f4tel, dans la chambre non ferm\u00e9e \u00e0 clef ou dans la voiture sur le parking.<\/p>\n<p style=\"text-align: center;\">Toute r\u00e9clamation doit \u00eatre faite par \u00e9crit au plus tard \u00e0 la remise des clefs du client et une copie avec cachet de l&#8217;h\u00f4tel sera remise \u00e0 l&#8217;acheteur.<br \/>\nLe client doit assurer la garde de ses biens et mat\u00e9riels. Le client devra informer l&#8217;\u00e9tablissement de toute d\u00e9gradation dont il serait \u00e0 l&#8217;origine. Il est responsable de l&#8217;ensemble des dommages caus\u00e9s par son interm\u00e9diaire et s&#8217;engage, en cas de d\u00e9gradation des lieux mis \u00e0 disposition (chambre, espaces communs tels que salon, sanitaires) \u00e0 supporter les co\u00fbts de remise en \u00e9tat dans sa globalit\u00e9.<br \/>\nLe client s&#8217;engage \u00e0 n&#8217;inviter aucune personne dont le comportement est susceptible de porter pr\u00e9judice \u00e0 l&#8217;\u00e9tablissement, ce dernier se r\u00e9servant le droit d&#8217;intervenir si n\u00e9cessaire.<\/p>\n<p style=\"text-align: center;\">Le client ne pourra apporter de l&#8217;ext\u00e9rieur ni boissons, ni denr\u00e9es alimentaires sans autorisation pr\u00e9alable de la direction. Le client s&#8217;engage \u00e0 faire respecter, par les participants et leurs invit\u00e9s, l&#8217;ensemble des consignes et r\u00e8glements de l&#8217;\u00e9tablissement (notamment l&#8217;interdiction de fum\u00e9e). Le client veillera \u00e0 ce que les participants ne perturbent pas l&#8217;exploitation de l&#8217;\u00e9tablissement ni ne portent atteinte \u00e0 la s\u00e9curit\u00e9 de l&#8217;\u00e9tablissement ainsi que des personnes qui s&#8217;y trouvent.<\/p>\n<p style=\"text-align: center;\">Il est strictement interdit de fum\u00e9e dans l&#8217;\u00e9tablissement, partie commune, chambre, toilette, lounge-bar, r\u00e9ception, salle du petit d\u00e9jeuner, office, \u2026<\/p>\n","protected":false},"excerpt":{"rendered":"<p>PROPRI\u00c9T\u00c9 L\u2019h\u00f4tel, en tant que responsable du traitement, collecte et traite les donn\u00e9es \u00e0 caract\u00e8re personnel \u00e0 des fins de gestion des r\u00e9servations et des clients, pour les besoins de la facturation et des paiements et pour mener ses actions commerciales et enqu\u00eates de satisfaction. Les donn\u00e9es sont destin\u00e9es \u00e0 l\u2019h\u00f4tel et \u00e0 ses prestataires. [&hellip;]<\/p>\n","protected":false},"author":46,"featured_media":0,"parent":0,"menu_order":130,"comment_status":"closed","ping_status":"closed","template":"","meta":{"footnotes":""},"class_list":["post-231","page","type-page","status-publish","hentry"],"yoast_head":"<!-- This site is optimized with the Yoast SEO plugin v26.9 - https:\/\/yoast.com\/product\/yoast-seo-wordpress\/ -->\n<title>Legal notices | Hotel Les Villas d&#039;Arromanches<\/title>\n<meta name=\"description\" content=\"Legal notices and information about the website of our 4-star hotel Les Villas d&#039;Arromanches in Calvados, Normandy.\" \/>\n<meta name=\"robots\" content=\"index, follow, max-snippet:-1, max-image-preview:large, max-video-preview:-1\" \/>\n<link rel=\"canonical\" href=\"https:\/\/www.lesvillasdarromanches.fr\/en\/legal-notices-and-privacy-policy\/\" \/>\n<meta property=\"og:locale\" content=\"en_US\" \/>\n<meta property=\"og:type\" content=\"article\" \/>\n<meta property=\"og:title\" content=\"Legal notices | Hotel Les Villas d&#039;Arromanches\" \/>\n<meta property=\"og:description\" content=\"Legal notices and information about the website of our 4-star hotel Les Villas d&#039;Arromanches in Calvados, Normandy.\" \/>\n<meta property=\"og:url\" content=\"https:\/\/www.lesvillasdarromanches.fr\/en\/legal-notices-and-privacy-policy\/\" \/>\n<meta property=\"og:site_name\" content=\"Les villas d&#039;Arromanches\" \/>\n<meta property=\"article:modified_time\" content=\"2023-08-03T12:42:21+00:00\" \/>\n<meta name=\"twitter:card\" content=\"summary_large_image\" \/>\n<script type=\"application\/ld+json\" class=\"yoast-schema-graph\">{\"@context\":\"https:\/\/schema.org\",\"@graph\":[{\"@type\":\"WebPage\",\"@id\":\"https:\/\/www.lesvillasdarromanches.fr\/en\/legal-notices-and-privacy-policy\/\",\"url\":\"https:\/\/www.lesvillasdarromanches.fr\/en\/legal-notices-and-privacy-policy\/\",\"name\":\"Legal notices | Hotel Les Villas d'Arromanches\",\"isPartOf\":{\"@id\":\"https:\/\/www.lesvillasdarromanches.fr\/en\/#website\"},\"datePublished\":\"2023-01-27T11:34:19+00:00\",\"dateModified\":\"2023-08-03T12:42:21+00:00\",\"description\":\"Legal notices and information about the website of our 4-star hotel Les Villas d'Arromanches in Calvados, Normandy.\",\"breadcrumb\":{\"@id\":\"https:\/\/www.lesvillasdarromanches.fr\/en\/legal-notices-and-privacy-policy\/#breadcrumb\"},\"inLanguage\":\"en-US\",\"potentialAction\":[{\"@type\":\"ReadAction\",\"target\":[\"https:\/\/www.lesvillasdarromanches.fr\/en\/legal-notices-and-privacy-policy\/\"]}]},{\"@type\":\"BreadcrumbList\",\"@id\":\"https:\/\/www.lesvillasdarromanches.fr\/en\/legal-notices-and-privacy-policy\/#breadcrumb\",\"itemListElement\":[{\"@type\":\"ListItem\",\"position\":1,\"name\":\"Home\",\"item\":\"https:\/\/www.lesvillasdarromanches.fr\/en\/\"},{\"@type\":\"ListItem\",\"position\":2,\"name\":\"Legal notices and privacy policy\"}]},{\"@type\":\"WebSite\",\"@id\":\"https:\/\/www.lesvillasdarromanches.fr\/en\/#website\",\"url\":\"https:\/\/www.lesvillasdarromanches.fr\/en\/\",\"name\":\"Les villas d'Arromanches\",\"description\":\"\",\"potentialAction\":[{\"@type\":\"SearchAction\",\"target\":{\"@type\":\"EntryPoint\",\"urlTemplate\":\"https:\/\/www.lesvillasdarromanches.fr\/en\/?s={search_term_string}\"},\"query-input\":{\"@type\":\"PropertyValueSpecification\",\"valueRequired\":true,\"valueName\":\"search_term_string\"}}],\"inLanguage\":\"en-US\"}]}<\/script>\n<!-- \/ Yoast SEO plugin. -->","yoast_head_json":{"title":"Legal notices | Hotel Les Villas d'Arromanches","description":"Legal notices and information about the website of our 4-star hotel Les Villas d'Arromanches in Calvados, Normandy.","robots":{"index":"index","follow":"follow","max-snippet":"max-snippet:-1","max-image-preview":"max-image-preview:large","max-video-preview":"max-video-preview:-1"},"canonical":"https:\/\/www.lesvillasdarromanches.fr\/en\/legal-notices-and-privacy-policy\/","og_locale":"en_US","og_type":"article","og_title":"Legal notices | Hotel Les Villas d'Arromanches","og_description":"Legal notices and information about the website of our 4-star hotel Les Villas d'Arromanches in Calvados, Normandy.","og_url":"https:\/\/www.lesvillasdarromanches.fr\/en\/legal-notices-and-privacy-policy\/","og_site_name":"Les villas d'Arromanches","article_modified_time":"2023-08-03T12:42:21+00:00","twitter_card":"summary_large_image","schema":{"@context":"https:\/\/schema.org","@graph":[{"@type":"WebPage","@id":"https:\/\/www.lesvillasdarromanches.fr\/en\/legal-notices-and-privacy-policy\/","url":"https:\/\/www.lesvillasdarromanches.fr\/en\/legal-notices-and-privacy-policy\/","name":"Legal notices | Hotel Les Villas d'Arromanches","isPartOf":{"@id":"https:\/\/www.lesvillasdarromanches.fr\/en\/#website"},"datePublished":"2023-01-27T11:34:19+00:00","dateModified":"2023-08-03T12:42:21+00:00","description":"Legal notices and information about the website of our 4-star hotel Les Villas d'Arromanches in Calvados, Normandy.","breadcrumb":{"@id":"https:\/\/www.lesvillasdarromanches.fr\/en\/legal-notices-and-privacy-policy\/#breadcrumb"},"inLanguage":"en-US","potentialAction":[{"@type":"ReadAction","target":["https:\/\/www.lesvillasdarromanches.fr\/en\/legal-notices-and-privacy-policy\/"]}]},{"@type":"BreadcrumbList","@id":"https:\/\/www.lesvillasdarromanches.fr\/en\/legal-notices-and-privacy-policy\/#breadcrumb","itemListElement":[{"@type":"ListItem","position":1,"name":"Home","item":"https:\/\/www.lesvillasdarromanches.fr\/en\/"},{"@type":"ListItem","position":2,"name":"Legal notices and privacy policy"}]},{"@type":"WebSite","@id":"https:\/\/www.lesvillasdarromanches.fr\/en\/#website","url":"https:\/\/www.lesvillasdarromanches.fr\/en\/","name":"Les villas d'Arromanches","description":"","potentialAction":[{"@type":"SearchAction","target":{"@type":"EntryPoint","urlTemplate":"https:\/\/www.lesvillasdarromanches.fr\/en\/?s={search_term_string}"},"query-input":{"@type":"PropertyValueSpecification","valueRequired":true,"valueName":"search_term_string"}}],"inLanguage":"en-US"}]}},"acf":[],"_links":{"self":[{"href":"https:\/\/www.lesvillasdarromanches.fr\/en\/wp-json\/wp\/v2\/pages\/231","targetHints":{"allow":["GET"]}}],"collection":[{"href":"https:\/\/www.lesvillasdarromanches.fr\/en\/wp-json\/wp\/v2\/pages"}],"about":[{"href":"https:\/\/www.lesvillasdarromanches.fr\/en\/wp-json\/wp\/v2\/types\/page"}],"author":[{"embeddable":true,"href":"https:\/\/www.lesvillasdarromanches.fr\/en\/wp-json\/wp\/v2\/users\/46"}],"replies":[{"embeddable":true,"href":"https:\/\/www.lesvillasdarromanches.fr\/en\/wp-json\/wp\/v2\/comments?post=231"}],"version-history":[{"count":0,"href":"https:\/\/www.lesvillasdarromanches.fr\/en\/wp-json\/wp\/v2\/pages\/231\/revisions"}],"wp:attachment":[{"href":"https:\/\/www.lesvillasdarromanches.fr\/en\/wp-json\/wp\/v2\/media?parent=231"}],"curies":[{"name":"wp","href":"https:\/\/api.w.org\/{rel}","templated":true}]}}